{"id":7,"date":"2024-04-22T12:33:06","date_gmt":"2024-04-22T10:33:06","guid":{"rendered":"https:\/\/www.ogs-guennigfeld.de\/ogs\/?page_id=7"},"modified":"2026-01-26T11:53:40","modified_gmt":"2026-01-26T10:53:40","slug":"startseite","status":"publish","type":"page","link":"https:\/\/www.ogs-guennigfeld.de\/ogs\/","title":{"rendered":"Startseite"},"content":{"rendered":"\n<div class=\"wp-block-uagb-container uagb-block-5372d9cc alignwide uagb-is-root-container\">\n<div class=\"wp-block-uagb-container uagb-block-45e7563d alignwide uagb-is-root-container\">\n<figure class=\"wp-block-image size-large is-resized\"><img loading=\"lazy\" decoding=\"async\" width=\"1024\" height=\"280\" src=\"https:\/\/www.ogs-guennigfeld.de\/ogs\/wp-content\/uploads\/2024\/04\/Zaun-gerade-1024x280.jpg\" alt=\"\" class=\"wp-image-289\" style=\"width:1318px;height:auto\" srcset=\"https:\/\/www.ogs-guennigfeld.de\/ogs\/wp-content\/uploads\/2024\/04\/Zaun-gerade-1024x280.jpg 1024w, https:\/\/www.ogs-guennigfeld.de\/ogs\/wp-content\/uploads\/2024\/04\/Zaun-gerade-300x82.jpg 300w, https:\/\/www.ogs-guennigfeld.de\/ogs\/wp-content\/uploads\/2024\/04\/Zaun-gerade-768x210.jpg 768w, https:\/\/www.ogs-guennigfeld.de\/ogs\/wp-content\/uploads\/2024\/04\/Zaun-gerade-1536x420.jpg 1536w, https:\/\/www.ogs-guennigfeld.de\/ogs\/wp-content\/uploads\/2024\/04\/Zaun-gerade.jpg 1700w\" sizes=\"auto, (max-width: 1024px) 100vw, 1024px\" \/><\/figure>\n<\/div>\n\n\n\n<div class=\"wp-block-uagb-container uagb-layout-flex uagb-block-c919f46a\">\n<div class=\"wp-block-uagb-advanced-heading uagb-block-7bdc328a\"><h2 class=\"uagb-heading-text\">Willkommen<\/h2><\/div>\n<\/div>\n\n\n\n<div class=\"wp-block-uagb-container uagb-block-188a941a\">\n<div class=\"wp-block-media-text has-media-on-the-right is-stacked-on-mobile is-vertically-aligned-top\"><div class=\"wp-block-media-text__content\">\n<div class=\"wp-block-group is-layout-constrained wp-container-core-group-is-layout-1156e810 wp-block-group-is-layout-constrained\" style=\"padding-right:0px;padding-left:0px\">\n<p style=\"margin-top:0;margin-bottom:0\">Wir freuen uns, Ihnen unsere Schule vorzustellen. Hier finden Sie alle wichtigen Informationen rund um das Schulleben und unsere p\u00e4dagogische Arbeit an der Grundschule G\u00fcnnigfeld. Mit einem engagierten Kollegium, vielf\u00e4ltigen Lernangeboten und einem unterst\u00fctzenden Umfeld m\u00f6chten wir Ihrem Kind eine gesunde Lernumgebung anbieten. Die Grundschule G\u00fcnnigfeld ist bestrebt, jedes Kind auf ihrem\/ seinem individuellen Lernweg zu begleiten und zu unterst\u00fctzen. Respekt und Zusammenarbeit sind uns wichtig; Ihre Kinder lernen, sich als Teil einer Gemeinschaft zu erleben und Verantwortung zu \u00fcbernehmen. Wir freuen uns auf eine gute Zusammenarbeit mit Ihnen und eine tolle Zeit an der Grundschule G\u00fcnnigfeld.<\/p>\n<\/div>\n\n\n\n<p><\/p>\n\n\n\n<p><strong>Die Schule wird unterst\u00fctzt durch:<\/strong><\/p>\n\n\n\n<div class=\"wp-block-columns is-layout-flex wp-container-core-columns-is-layout-28f84493 wp-block-columns-is-layout-flex\">\n<div class=\"wp-block-column is-layout-flow wp-block-column-is-layout-flow\">\n<div class=\"wp-block-uagb-image uagb-block-6b056f51 wp-block-uagb-image--layout-default wp-block-uagb-image--effect-static wp-block-uagb-image--align-none\"><figure class=\"wp-block-uagb-image__figure\"><img decoding=\"async\" srcset=\"https:\/\/www.ogs-guennigfeld.de\/ogs\/wp-content\/uploads\/2025\/08\/stwb_Logo_CMYK_Buergerprojekt-1024x339.jpg ,https:\/\/www.ogs-guennigfeld.de\/ogs\/wp-content\/uploads\/2025\/08\/stwb_Logo_CMYK_Buergerprojekt.jpg 780w, https:\/\/www.ogs-guennigfeld.de\/ogs\/wp-content\/uploads\/2025\/08\/stwb_Logo_CMYK_Buergerprojekt.jpg 360w\" sizes=\"auto, (max-width: 480px) 150px\" src=\"https:\/\/www.ogs-guennigfeld.de\/ogs\/wp-content\/uploads\/2025\/08\/stwb_Logo_CMYK_Buergerprojekt-1024x339.jpg\" alt=\"\" class=\"uag-image-1724\" width=\"1024\" height=\"339\" title=\"stwb_Logo_CMYK_Buergerprojekt\" loading=\"lazy\" role=\"img\"\/><\/figure><\/div>\n<\/div>\n\n\n\n<div class=\"wp-block-column is-layout-flow wp-block-column-is-layout-flow\">\n<figure class=\"wp-block-image size-large is-resized\"><img loading=\"lazy\" decoding=\"async\" width=\"1024\" height=\"1024\" src=\"https:\/\/www.ogs-guennigfeld.de\/ogs\/wp-content\/uploads\/2026\/01\/2026-01_Logo-FoeV-1-1024x1024.png\" alt=\"\" class=\"wp-image-1859\" style=\"width:129px;height:auto\" srcset=\"https:\/\/www.ogs-guennigfeld.de\/ogs\/wp-content\/uploads\/2026\/01\/2026-01_Logo-FoeV-1-1024x1024.png 1024w, https:\/\/www.ogs-guennigfeld.de\/ogs\/wp-content\/uploads\/2026\/01\/2026-01_Logo-FoeV-1-300x300.png 300w, https:\/\/www.ogs-guennigfeld.de\/ogs\/wp-content\/uploads\/2026\/01\/2026-01_Logo-FoeV-1-150x150.png 150w, https:\/\/www.ogs-guennigfeld.de\/ogs\/wp-content\/uploads\/2026\/01\/2026-01_Logo-FoeV-1-768x768.png 768w, https:\/\/www.ogs-guennigfeld.de\/ogs\/wp-content\/uploads\/2026\/01\/2026-01_Logo-FoeV-1-1536x1536.png 1536w, https:\/\/www.ogs-guennigfeld.de\/ogs\/wp-content\/uploads\/2026\/01\/2026-01_Logo-FoeV-1.png 1600w\" sizes=\"auto, (max-width: 1024px) 100vw, 1024px\" \/><\/figure>\n<\/div>\n<\/div>\n<\/div><figure class=\"wp-block-media-text__media\"><img loading=\"lazy\" decoding=\"async\" width=\"1024\" height=\"838\" src=\"https:\/\/www.ogs-guennigfeld.de\/ogs\/wp-content\/uploads\/2024\/09\/Foto-Schule-Willkommen-1024x838.jpg\" alt=\"\" class=\"wp-image-1389 size-full\" srcset=\"https:\/\/www.ogs-guennigfeld.de\/ogs\/wp-content\/uploads\/2024\/09\/Foto-Schule-Willkommen-1024x838.jpg 1024w, https:\/\/www.ogs-guennigfeld.de\/ogs\/wp-content\/uploads\/2024\/09\/Foto-Schule-Willkommen-300x245.jpg 300w, https:\/\/www.ogs-guennigfeld.de\/ogs\/wp-content\/uploads\/2024\/09\/Foto-Schule-Willkommen-768x628.jpg 768w, https:\/\/www.ogs-guennigfeld.de\/ogs\/wp-content\/uploads\/2024\/09\/Foto-Schule-Willkommen.jpg 1050w\" sizes=\"auto, (max-width: 1024px) 100vw, 1024px\" \/><\/figure><\/div>\n<\/div>\n\n\n\n<div class=\"wp-block-uagb-container uagb-layout-flex uagb-block-7d035ba3\">\n<div class=\"wp-block-uagb-advanced-heading uagb-block-143564eb\"><h2 class=\"uagb-heading-text\">Aktuelles<\/h2><\/div>\n<\/div>\n\n\n\n<div class=\"wp-block-uagb-container uagb-block-8ff481a9 alignwide uagb-is-root-container\">\n<div class=\"wp-block-uagb-container uagb-block-0413b874 default uagb-is-root-container\">\n\t\t\t<div class=\"wp-block-uagb-post-grid uagb-post-grid  uagb-post__image-position-top uagb-post__image-enabled uagb-block-35235046     uagb-post__items uagb-post__columns-4 is-grid uagb-post__columns-tablet-2 uagb-post__columns-mobile-1 uagb-post__equal-height uagb-equal_height_inline-read-more-buttons\" data-total=\"7\" style=\"\">\n\n\t\t\t\t\t\t\t\t\t\t\t\t<article class=\"uagb-post__inner-wrap\">\t\t\t\t\t\t\t\t<div class='uagb-post__image'>\n\t\t\t\t\t\t\t\t\t<a href=\"https:\/\/www.ogs-guennigfeld.de\/ogs\/karneval-in-guennigfeld\/\" target=\"_self\" rel=\"bookmark noopener noreferrer\" class='uagb-image-ratio-inherit'><img loading=\"lazy\" decoding=\"async\" width=\"1024\" height=\"768\" src=\"https:\/\/www.ogs-guennigfeld.de\/ogs\/wp-content\/uploads\/2026\/02\/IMG_0621-1024x768.jpg\" class=\"attachment-large size-large\" alt=\"\" srcset=\"https:\/\/www.ogs-guennigfeld.de\/ogs\/wp-content\/uploads\/2026\/02\/IMG_0621-1024x768.jpg 1024w, https:\/\/www.ogs-guennigfeld.de\/ogs\/wp-content\/uploads\/2026\/02\/IMG_0621-300x225.jpg 300w, https:\/\/www.ogs-guennigfeld.de\/ogs\/wp-content\/uploads\/2026\/02\/IMG_0621-768x576.jpg 768w, https:\/\/www.ogs-guennigfeld.de\/ogs\/wp-content\/uploads\/2026\/02\/IMG_0621.jpg 1080w\" sizes=\"auto, (max-width: 1024px) 100vw, 1024px\" \/>\t\t\t\t\t<\/a>\n\t\t\t\t\t\t\t<\/div>\n\t\t\t\t\t\t<h6 class=\"uagb-post__title uagb-post__text\">\n\t\t\t\t<a href=\"https:\/\/www.ogs-guennigfeld.de\/ogs\/karneval-in-guennigfeld\/\" target=\"_self\" rel=\"bookmark noopener noreferrer\">Karneval in G\u00fcnnigfeld<\/a>\n\t\t\t<\/h6>\n\t\t\t\t\t\t<div class='uagb-post__text uagb-post-grid-byline'>\n\t\t\t\t\t\t\t<\/div>\n\t\t\t\t\t\t\t<div class='uagb-post__text uagb-post__excerpt'>\n\t\t\t\t\t<p>Wattsche Helau!!! Am Freitag, den 13.2.26, gab es eine gro\u00dfe Karnevalsparty in der ganzen Schule. Die &#8222;Affenbande&#8220; der Grundschule G\u00fcnnigfeld&#8230;\t\t\t\t<\/div>\n\t\t\t\t\t\t<div class=\"uagb-post__text uagb-post__cta wp-block-button\">\n\t\t\t\t<a class=\"wp-block-button__link uagb-text-link\" style=\"\" href=\"https:\/\/www.ogs-guennigfeld.de\/ogs\/karneval-in-guennigfeld\/\" target=\"_self\" rel=\"bookmark noopener noreferrer\">Weiterlesen<\/a>\n\t\t\t<\/div>\n\t\t\t\n\t\t\t\t\t\t\t\t\t<\/article>\n\t\t\t\t\t\t\t\t\t\t\t\t\t\t\t\t<article class=\"uagb-post__inner-wrap\">\t\t\t\t\t\t\t\t<div class='uagb-post__image'>\n\t\t\t\t\t\t\t\t\t<a href=\"https:\/\/www.ogs-guennigfeld.de\/ogs\/anmeldung-ganztagsplatz-2026-27-im-zeitraum-26-01-bis-06-02-2026\/\" target=\"_self\" rel=\"bookmark noopener noreferrer\" class='uagb-image-ratio-inherit'><img loading=\"lazy\" decoding=\"async\" width=\"451\" height=\"341\" src=\"https:\/\/www.ogs-guennigfeld.de\/ogs\/wp-content\/uploads\/2026\/01\/2026-01-14-Bild-Flyer-OGS.jpg\" class=\"attachment-large size-large\" alt=\"\" srcset=\"https:\/\/www.ogs-guennigfeld.de\/ogs\/wp-content\/uploads\/2026\/01\/2026-01-14-Bild-Flyer-OGS.jpg 451w, https:\/\/www.ogs-guennigfeld.de\/ogs\/wp-content\/uploads\/2026\/01\/2026-01-14-Bild-Flyer-OGS-300x227.jpg 300w\" sizes=\"auto, (max-width: 451px) 100vw, 451px\" \/>\t\t\t\t\t<\/a>\n\t\t\t\t\t\t\t<\/div>\n\t\t\t\t\t\t<h6 class=\"uagb-post__title uagb-post__text\">\n\t\t\t\t<a href=\"https:\/\/www.ogs-guennigfeld.de\/ogs\/anmeldung-ganztagsplatz-2026-27-im-zeitraum-26-01-bis-06-02-2026\/\" target=\"_self\" rel=\"bookmark noopener noreferrer\">Anmeldung Ganztagsplatz 2026\/27 im Zeitraum 26.01. bis 06.02.2026<\/a>\n\t\t\t<\/h6>\n\t\t\t\t\t\t<div class='uagb-post__text uagb-post-grid-byline'>\n\t\t\t\t\t\t\t<\/div>\n\t\t\t\t\t\t\t<div class='uagb-post__text uagb-post__excerpt'>\n\t\t\t\t\t<p>Liebe Eltern, in der Zeit vom 26.01. bis 06.02.2026 k\u00f6nnen Sie Ihr Kind \u00fcber diesen Link anmelden (der Link wird&#8230;\t\t\t\t<\/div>\n\t\t\t\t\t\t<div class=\"uagb-post__text uagb-post__cta wp-block-button\">\n\t\t\t\t<a class=\"wp-block-button__link uagb-text-link\" style=\"\" href=\"https:\/\/www.ogs-guennigfeld.de\/ogs\/anmeldung-ganztagsplatz-2026-27-im-zeitraum-26-01-bis-06-02-2026\/\" target=\"_self\" rel=\"bookmark noopener noreferrer\">Weiterlesen<\/a>\n\t\t\t<\/div>\n\t\t\t\n\t\t\t\t\t\t\t\t\t<\/article>\n\t\t\t\t\t\t\t\t\t\t\t\t\t\t\t\t<article class=\"uagb-post__inner-wrap\">\t\t\t\t\t\t\t\t<h6 class=\"uagb-post__title uagb-post__text\">\n\t\t\t\t<a href=\"https:\/\/www.ogs-guennigfeld.de\/ogs\/kein-unterricht-am-montag-12-01-2026-wegen-glatteisgefahr-weitere-infos-folgen\/\" target=\"_self\" rel=\"bookmark noopener noreferrer\">Wegen Glatteisgefahr kein Pr\u00e4senzunterricht und Ganztagsbetreuung am Montag, 12.01.2026!<\/a>\n\t\t\t<\/h6>\n\t\t\t\t\t\t<div class='uagb-post__text uagb-post-grid-byline'>\n\t\t\t\t\t\t\t<\/div>\n\t\t\t\t\t\t\t<div class='uagb-post__text uagb-post__excerpt'>\n\t\t\t\t\t<p>Das Ministerium f\u00fcr Schule und Bildung NRW hat heute die Schulen in ganz NRW \u00fcber folgendes informiert: &#8222;laut Vorabwarnung des&#8230;\t\t\t\t<\/div>\n\t\t\t\t\t\t<div class=\"uagb-post__text uagb-post__cta wp-block-button\">\n\t\t\t\t<a class=\"wp-block-button__link uagb-text-link\" style=\"\" href=\"https:\/\/www.ogs-guennigfeld.de\/ogs\/kein-unterricht-am-montag-12-01-2026-wegen-glatteisgefahr-weitere-infos-folgen\/\" target=\"_self\" rel=\"bookmark noopener noreferrer\">Weiterlesen<\/a>\n\t\t\t<\/div>\n\t\t\t\n\t\t\t\t\t\t\t\t\t<\/article>\n\t\t\t\t\t\t\t\t\t\t\t\t\t\t\t\t<article class=\"uagb-post__inner-wrap\">\t\t\t\t\t\t\t\t<h6 class=\"uagb-post__title uagb-post__text\">\n\t\t\t\t<a href=\"https:\/\/www.ogs-guennigfeld.de\/ogs\/infos-zur-aktuellen-wetterlage\/\" target=\"_self\" rel=\"bookmark noopener noreferrer\">Infos zur aktuellen Wetterlage<\/a>\n\t\t\t<\/h6>\n\t\t\t\t\t\t<div class='uagb-post__text uagb-post-grid-byline'>\n\t\t\t\t\t\t\t<\/div>\n\t\t\t\t\t\t\t<div class='uagb-post__text uagb-post__excerpt'>\n\t\t\t\t\t<p>Liebe Eltern, aktuell gibt es Schnee und Glatteis und den Medien ist zu entnehmen, dass die Wetterlage sich noch verst\u00e4rken&#8230;\t\t\t\t<\/div>\n\t\t\t\t\t\t<div class=\"uagb-post__text uagb-post__cta wp-block-button\">\n\t\t\t\t<a class=\"wp-block-button__link uagb-text-link\" style=\"\" href=\"https:\/\/www.ogs-guennigfeld.de\/ogs\/infos-zur-aktuellen-wetterlage\/\" target=\"_self\" rel=\"bookmark noopener noreferrer\">Weiterlesen<\/a>\n\t\t\t<\/div>\n\t\t\t\n\t\t\t\t\t\t\t\t\t<\/article>\n\t\t\t\t\t\t\t\t\t\t\t<\/div>\n\t\t\t<\/div>\n<\/div>\n<\/div>\n\n\n\n<p><a href=\"https:\/\/www.ogs-guennigfeld.de\/ogs\/beitraege\/\" data-type=\"link\" data-id=\"https:\/\/www.ogs-guennigfeld.de\/ogs\/beitraege\/\">Alle Beitr\u00e4ge<\/a><\/p>\n\n\n\n<p><\/p>\n","protected":false},"excerpt":{"rendered":"<p>Willkommen Wir freuen uns, Ihnen unsere Schule vorzustellen. Hier finden Sie alle wichtigen Informationen rund um das Schulleben und unsere [&hellip;]<\/p>\n","protected":false},"author":1,"featured_media":0,"parent":0,"menu_order":0,"comment_status":"closed","ping_status":"closed","template":"","meta":{"_uag_custom_page_level_css":"","site-sidebar-layout":"no-sidebar","site-content-layout":"plain-container","ast-site-content-layout":"default","site-content-style":"unboxed","site-sidebar-style":"default","ast-global-header-display":"","ast-banner-title-visibility":"","ast-main-header-display":"","ast-hfb-above-header-display":"","ast-hfb-below-header-display":"","ast-hfb-mobile-header-display":"","site-post-title":"disabled","ast-breadcrumbs-content":"","ast-featured-img":"","footer-sml-layout":"","theme-transparent-header-meta":"disabled","adv-header-id-meta":"","stick-header-meta":"","header-above-stick-meta":"","header-main-stick-meta":"","header-below-stick-meta":"","astra-migrate-meta-layouts":"default","ast-page-background-enabled":"default","ast-page-background-meta":{"desktop":{"background-color":"var(--ast-global-color-4)","background-image":"","background-repeat":"repeat","background-position":"center center","background-size":"auto","background-attachment":"scroll","background-type":"","background-media":"","overlay-type":"","overlay-color":"","overlay-opacity":"","overlay-gradient":""},"tablet":{"background-color":"","background-image":"","background-repeat":"repeat","background-position":"center center","background-size":"auto","background-attachment":"scroll","background-type":"","background-media":"","overlay-type":"","overlay-color":"","overlay-opacity":"","overlay-gradient":""},"mobile":{"background-color":"","background-image":"","background-repeat":"repeat","background-position":"center center","background-size":"auto","background-attachment":"scroll","background-type":"","background-media":"","overlay-type":"","overlay-color":"","overlay-opacity":"","overlay-gradient":""}},"ast-content-background-meta":{"desktop":{"background-color":"var(--ast-global-color-5)","background-image":"","background-repeat":"repeat","background-position":"center center","background-size":"auto","background-attachment":"scroll","background-type":"","background-media":"","overlay-type":"","overlay-color":"","overlay-opacity":"","overlay-gradient":""},"tablet":{"background-color":"var(--ast-global-color-5)","background-image":"","background-repeat":"repeat","background-position":"center center","background-size":"auto","background-attachment":"scroll","background-type":"","background-media":"","overlay-type":"","overlay-color":"","overlay-opacity":"","overlay-gradient":""},"mobile":{"background-color":"var(--ast-global-color-5)","background-image":"","background-repeat":"repeat","background-position":"center center","background-size":"auto","background-attachment":"scroll","background-type":"","background-media":"","overlay-type":"","overlay-color":"","overlay-opacity":"","overlay-gradient":""}},"footnotes":""},"class_list":["post-7","page","type-page","status-publish","hentry"],"uagb_featured_image_src":{"full":false,"thumbnail":false,"medium":false,"medium_large":false,"large":false,"1536x1536":false,"2048x2048":false},"uagb_author_info":{"display_name":"Elmar B\u00fcsing","author_link":"https:\/\/www.ogs-guennigfeld.de\/ogs\/author\/elmarmusterschule\/"},"uagb_comment_info":0,"uagb_excerpt":"Willkommen Wir freuen uns, Ihnen unsere Schule vorzustellen. Hier finden Sie alle wichtigen Informationen rund um das Schulleben und unsere [&hellip;]","_links":{"self":[{"href":"https:\/\/www.ogs-guennigfeld.de\/ogs\/wp-json\/wp\/v2\/pages\/7","targetHints":{"allow":["GET"]}}],"collection":[{"href":"https:\/\/www.ogs-guennigfeld.de\/ogs\/wp-json\/wp\/v2\/pages"}],"about":[{"href":"https:\/\/www.ogs-guennigfeld.de\/ogs\/wp-json\/wp\/v2\/types\/page"}],"author":[{"embeddable":true,"href":"https:\/\/www.ogs-guennigfeld.de\/ogs\/wp-json\/wp\/v2\/users\/1"}],"replies":[{"embeddable":true,"href":"https:\/\/www.ogs-guennigfeld.de\/ogs\/wp-json\/wp\/v2\/comments?post=7"}],"version-history":[{"count":6,"href":"https:\/\/www.ogs-guennigfeld.de\/ogs\/wp-json\/wp\/v2\/pages\/7\/revisions"}],"predecessor-version":[{"id":1861,"href":"https:\/\/www.ogs-guennigfeld.de\/ogs\/wp-json\/wp\/v2\/pages\/7\/revisions\/1861"}],"wp:attachment":[{"href":"https:\/\/www.ogs-guennigfeld.de\/ogs\/wp-json\/wp\/v2\/media?parent=7"}],"curies":[{"name":"wp","href":"https:\/\/api.w.org\/{rel}","templated":true}]}}