{"id":50,"date":"2024-04-22T12:58:18","date_gmt":"2024-04-22T10:58:18","guid":{"rendered":"https:\/\/www.ogs-guennigfeld.de\/ogs\/?page_id=50"},"modified":"2026-02-01T18:32:57","modified_gmt":"2026-02-01T17:32:57","slug":"foerderverein","status":"publish","type":"page","link":"https:\/\/www.ogs-guennigfeld.de\/ogs\/foerderverein\/","title":{"rendered":"F\u00f6rderverein"},"content":{"rendered":"\n<figure class=\"wp-block-image alignright size-medium is-resized\"><img loading=\"lazy\" decoding=\"async\" width=\"300\" height=\"300\" src=\"https:\/\/www.ogs-guennigfeld.de\/ogs\/wp-content\/uploads\/2026\/01\/2026-01_Logo-FoeV-4-300x300.png\" alt=\"\" class=\"wp-image-1865\" style=\"width:109px;height:auto\" srcset=\"https:\/\/www.ogs-guennigfeld.de\/ogs\/wp-content\/uploads\/2026\/01\/2026-01_Logo-FoeV-4-300x300.png 300w, https:\/\/www.ogs-guennigfeld.de\/ogs\/wp-content\/uploads\/2026\/01\/2026-01_Logo-FoeV-4-1024x1024.png 1024w, https:\/\/www.ogs-guennigfeld.de\/ogs\/wp-content\/uploads\/2026\/01\/2026-01_Logo-FoeV-4-150x150.png 150w, https:\/\/www.ogs-guennigfeld.de\/ogs\/wp-content\/uploads\/2026\/01\/2026-01_Logo-FoeV-4-768x768.png 768w, https:\/\/www.ogs-guennigfeld.de\/ogs\/wp-content\/uploads\/2026\/01\/2026-01_Logo-FoeV-4-1536x1536.png 1536w, https:\/\/www.ogs-guennigfeld.de\/ogs\/wp-content\/uploads\/2026\/01\/2026-01_Logo-FoeV-4.png 1600w\" sizes=\"auto, (max-width: 300px) 100vw, 300px\" \/><\/figure>\n\n\n\n<div class=\"wp-block-uagb-container uagb-block-16b066df default uagb-is-root-container\">\n<div class=\"wp-block-group is-content-justification-left is-layout-constrained wp-container-core-group-is-layout-12dd3699 wp-block-group-is-layout-constrained\">\n<div class=\"wp-block-uagb-advanced-heading uagb-block-60cd629f\"><h2 class=\"uagb-heading-text\">Unser F\u00f6rderverein         <\/h2><\/div>\n\n\n\n<div class=\"wp-block-media-text has-media-on-the-right is-stacked-on-mobile\"><div class=\"wp-block-media-text__content\">\n<p style=\"margin-bottom:0;padding-top:10px;padding-left:0px;line-height:1.5\">Der F\u00f6rderverein hilft dabei, dass alle Kinder unserer Schule die gleichen kulturellen und sozialen Angebote wahrnehmen k\u00f6nnen.<br>Unsere Aufgabe besteht darin, durch Ihre Spenden und Mitgliedsbeitr\u00e4ge <\/p>\n\n\n\n<ul class=\"wp-block-list\">\n<li>Zusch\u00fcsse zu Klassenfahrten und Ausfl\u00fcgen zu gew\u00e4hren,<\/li>\n\n\n\n<li>Schulveranstaltungen und Ausfl\u00fcge wie Theaterbesuche oder Autorenlesungen zu erm\u00f6glichen.<\/li>\n\n\n\n<li>zus\u00e4tzliche Arbeitsgemeinschaften unserer Schule wie Schach-, Fu\u00dfball oder Garten-AG finanziell zu unterst\u00fctzen,<\/li>\n\n\n\n<li>Materialien f\u00fcr den Unterricht zu beschaffen,<\/li>\n<\/ul>\n\n\n\n<p>In der Vergangenheit wurden bereits Anschaffungen get\u00e4tigt, wie z.B.<\/p>\n\n\n\n<ul class=\"wp-block-list\">\n<li>Musikinstrumente, B\u00fccher, Bastel- und Werkmaterialien<\/li>\n\n\n\n<li>Pausenspielzeuge wie z.B. Pedalos, Springseile, B\u00e4lle<\/li>\n\n\n\n<li>F\u00f6rdermaterialien (Lesehefte etc.)<\/li>\n\n\n\n<li>Schulb\u00fccher<\/li>\n\n\n\n<li>Kletteranlage<\/li>\n\n\n\n<li>iPads und digitale Lernstifte<\/li>\n<\/ul>\n<\/div><figure class=\"wp-block-media-text__media\"><img loading=\"lazy\" decoding=\"async\" width=\"944\" height=\"1024\" src=\"https:\/\/www.ogs-guennigfeld.de\/ogs\/wp-content\/uploads\/2024\/09\/Foerderverein-944x1024.jpg\" alt=\"\" class=\"wp-image-1406 size-full\" srcset=\"https:\/\/www.ogs-guennigfeld.de\/ogs\/wp-content\/uploads\/2024\/09\/Foerderverein-944x1024.jpg 944w, https:\/\/www.ogs-guennigfeld.de\/ogs\/wp-content\/uploads\/2024\/09\/Foerderverein-277x300.jpg 277w, https:\/\/www.ogs-guennigfeld.de\/ogs\/wp-content\/uploads\/2024\/09\/Foerderverein-768x833.jpg 768w, https:\/\/www.ogs-guennigfeld.de\/ogs\/wp-content\/uploads\/2024\/09\/Foerderverein.jpg 1020w\" sizes=\"auto, (max-width: 944px) 100vw, 944px\" \/><\/figure><\/div>\n<\/div>\n\n\n\n<h4 class=\"wp-block-heading\" style=\"margin-top:0;margin-bottom:0\">Helfen Sie uns, unsere Aufgabe zu bew\u00e4ltigen!<\/h4>\n\n\n\n<p style=\"margin-top:0;margin-right:0;margin-bottom:0;margin-left:0\">Werden Sie Mitglied! Schon mit 1 \u20ac pro Monat (Jahresbeitrag mind. 12 \u20ac) k\u00f6nnen Sie unserem F\u00f6rderverein beitreten. Wie? Ganz einfach: F\u00fcllen Sie das Formular aus und geben Sie es der Klassenlehrkraft. Ihre Mitgliedschaft endet mit Ihrer K\u00fcndigung. Auch einmalige Spenden sind jederzeit willkommen. Sowohl der Jahresbeitrag als auch die Spenden k\u00f6nnen steuerrechtlich geltend gemacht werden, da unser F\u00f6rderverein vom Finanzamt als gemeinn\u00fctziger Verein anerkannt ist.<\/p>\n\n\n\n<p style=\"padding-top:0;padding-right:0;padding-bottom:0;padding-left:0\">F\u00fcr weitere Fragen wenden Sie sich bitte an die Schule (02327-23310, info@ogs-guennigfeld.de) oder direkt an den F\u00f6rderverein: (foerderverein.gsguennigfeld@gmail.com). Das Formular f\u00fcr die Beitrittserkl\u00e4rung k\u00f6nnen Sie sich&nbsp;<a href=\"https:\/\/www.ogs-guennigfeld.de\/ogs\/wp-content\/uploads\/2026\/01\/2026-01_Mitgliedsantrag_FoeV.pdf\" target=\"_blank\" rel=\"noreferrer noopener\">hier<\/a>&nbsp;runterladen und die Satzung \u00fcber&nbsp;<a href=\"https:\/\/www.ogs-guennigfeld.de\/ogs\/wp-content\/uploads\/2025\/09\/2025-04_-Satzung_Foerderverein.pdf\">diesen Link<\/a>.<\/p>\n<\/div>\n","protected":false},"excerpt":{"rendered":"<p>Unser F\u00f6rderverein Der F\u00f6rderverein hilft dabei, dass alle Kinder unserer Schule die gleichen kulturellen und sozialen Angebote wahrnehmen k\u00f6nnen.Unsere Aufgabe [&hellip;]<\/p>\n","protected":false},"author":1,"featured_media":1865,"parent":0,"menu_order":0,"comment_status":"closed","ping_status":"closed","template":"","meta":{"_uag_custom_page_level_css":"","site-sidebar-layout":"default","site-content-layout":"","ast-site-content-layout":"","site-content-style":"default","site-sidebar-style":"default","ast-global-header-display":"","ast-banner-title-visibility":"","ast-main-header-display":"","ast-hfb-above-header-display":"","ast-hfb-below-header-display":"","ast-hfb-mobile-header-display":"","site-post-title":"","ast-breadcrumbs-content":"","ast-featured-img":"disabled","footer-sml-layout":"","theme-transparent-header-meta":"","adv-header-id-meta":"","stick-header-meta":"","header-above-stick-meta":"","header-main-stick-meta":"","header-below-stick-meta":"","astra-migrate-meta-layouts":"default","ast-page-background-enabled":"default","ast-page-background-meta":{"desktop":{"background-color":"var(--ast-global-color-4)","background-image":"","background-repeat":"repeat","background-position":"center center","background-size":"auto","background-attachment":"scroll","background-type":"","background-media":"","overlay-type":"","overlay-color":"","overlay-opacity":"","overlay-gradient":""},"tablet":{"background-color":"","background-image":"","background-repeat":"repeat","background-position":"center center","background-size":"auto","background-attachment":"scroll","background-type":"","background-media":"","overlay-type":"","overlay-color":"","overlay-opacity":"","overlay-gradient":""},"mobile":{"background-color":"","background-image":"","background-repeat":"repeat","background-position":"center center","background-size":"auto","background-attachment":"scroll","background-type":"","background-media":"","overlay-type":"","overlay-color":"","overlay-opacity":"","overlay-gradient":""}},"ast-content-background-meta":{"desktop":{"background-color":"var(--ast-global-color-5)","background-image":"","background-repeat":"repeat","background-position":"center center","background-size":"auto","background-attachment":"scroll","background-type":"","background-media":"","overlay-type":"","overlay-color":"","overlay-opacity":"","overlay-gradient":""},"tablet":{"background-color":"var(--ast-global-color-5)","background-image":"","background-repeat":"repeat","background-position":"center center","background-size":"auto","background-attachment":"scroll","background-type":"","background-media":"","overlay-type":"","overlay-color":"","overlay-opacity":"","overlay-gradient":""},"mobile":{"background-color":"var(--ast-global-color-5)","background-image":"","background-repeat":"repeat","background-position":"center center","background-size":"auto","background-attachment":"scroll","background-type":"","background-media":"","overlay-type":"","overlay-color":"","overlay-opacity":"","overlay-gradient":""}},"footnotes":""},"class_list":["post-50","page","type-page","status-publish","has-post-thumbnail","hentry"],"uagb_featured_image_src":{"full":["https:\/\/www.ogs-guennigfeld.de\/ogs\/wp-content\/uploads\/2026\/01\/2026-01_Logo-FoeV-4.png",1600,1600,false],"thumbnail":["https:\/\/www.ogs-guennigfeld.de\/ogs\/wp-content\/uploads\/2026\/01\/2026-01_Logo-FoeV-4-150x150.png",150,150,true],"medium":["https:\/\/www.ogs-guennigfeld.de\/ogs\/wp-content\/uploads\/2026\/01\/2026-01_Logo-FoeV-4-300x300.png",300,300,true],"medium_large":["https:\/\/www.ogs-guennigfeld.de\/ogs\/wp-content\/uploads\/2026\/01\/2026-01_Logo-FoeV-4-768x768.png",768,768,true],"large":["https:\/\/www.ogs-guennigfeld.de\/ogs\/wp-content\/uploads\/2026\/01\/2026-01_Logo-FoeV-4-1024x1024.png",1024,1024,true],"1536x1536":["https:\/\/www.ogs-guennigfeld.de\/ogs\/wp-content\/uploads\/2026\/01\/2026-01_Logo-FoeV-4-1536x1536.png",1536,1536,true],"2048x2048":["https:\/\/www.ogs-guennigfeld.de\/ogs\/wp-content\/uploads\/2026\/01\/2026-01_Logo-FoeV-4.png",1600,1600,false]},"uagb_author_info":{"display_name":"Elmar B\u00fcsing","author_link":"https:\/\/www.ogs-guennigfeld.de\/ogs\/author\/elmarmusterschule\/"},"uagb_comment_info":0,"uagb_excerpt":"Unser F\u00f6rderverein Der F\u00f6rderverein hilft dabei, dass alle Kinder unserer Schule die gleichen kulturellen und sozialen Angebote wahrnehmen k\u00f6nnen.Unsere Aufgabe [&hellip;]","_links":{"self":[{"href":"https:\/\/www.ogs-guennigfeld.de\/ogs\/wp-json\/wp\/v2\/pages\/50","targetHints":{"allow":["GET"]}}],"collection":[{"href":"https:\/\/www.ogs-guennigfeld.de\/ogs\/wp-json\/wp\/v2\/pages"}],"about":[{"href":"https:\/\/www.ogs-guennigfeld.de\/ogs\/wp-json\/wp\/v2\/types\/page"}],"author":[{"embeddable":true,"href":"https:\/\/www.ogs-guennigfeld.de\/ogs\/wp-json\/wp\/v2\/users\/1"}],"replies":[{"embeddable":true,"href":"https:\/\/www.ogs-guennigfeld.de\/ogs\/wp-json\/wp\/v2\/comments?post=50"}],"version-history":[{"count":14,"href":"https:\/\/www.ogs-guennigfeld.de\/ogs\/wp-json\/wp\/v2\/pages\/50\/revisions"}],"predecessor-version":[{"id":1877,"href":"https:\/\/www.ogs-guennigfeld.de\/ogs\/wp-json\/wp\/v2\/pages\/50\/revisions\/1877"}],"wp:featuredmedia":[{"embeddable":true,"href":"https:\/\/www.ogs-guennigfeld.de\/ogs\/wp-json\/wp\/v2\/media\/1865"}],"wp:attachment":[{"href":"https:\/\/www.ogs-guennigfeld.de\/ogs\/wp-json\/wp\/v2\/media?parent=50"}],"curies":[{"name":"wp","href":"https:\/\/api.w.org\/{rel}","templated":true}]}}