{"id":48,"date":"2024-04-22T12:57:59","date_gmt":"2024-04-22T10:57:59","guid":{"rendered":"https:\/\/www.ogs-guennigfeld.de\/ogs\/?page_id=48"},"modified":"2026-05-05T09:40:53","modified_gmt":"2026-05-05T07:40:53","slug":"termine","status":"publish","type":"page","link":"https:\/\/www.ogs-guennigfeld.de\/ogs\/termine\/","title":{"rendered":"Termine"},"content":{"rendered":"\n<p><\/p>\n\n\n\n<div class=\"wp-block-uagb-container uagb-block-ad57bf55 alignwide uagb-is-root-container\">\n<div class=\"wp-block-uagb-advanced-heading uagb-block-1f930c33\"><h3 class=\"uagb-heading-text\">Termine 2025\/26<\/h3><\/div>\n\n\n\n<div class=\"wp-block-group is-layout-constrained wp-block-group-is-layout-constrained\">\n<figure class=\"wp-block-table alignwide is-style-stripes\"><table style=\"border-style:none;border-width:0px\"><thead><tr><th>Datum\/Zeit<\/th><th>Titel<\/th><\/tr><\/thead><tbody><tr><td>27.08.2025<\/td><td>Erster Schultag Schuljahr 2025\/26 f\u00fcr Klasse 2-4<\/td><\/tr><tr><td>28.08.2025<\/td><td>Einschulungsfeier f\u00fcr die Schulanf\u00e4nger <\/td><\/tr><tr><td>01.09.2025<\/td><td>Start JeKits Instrumente<\/td><\/tr><tr><td>04.09.2025<\/td><td>Elternabend OGS (neue OGS-Kinder), 18 Uhr<\/td><\/tr><tr><td>09.09.2025<\/td><td>Klassenpflegschaft 3\/4, 19 Uhr<\/td><\/tr><tr><td>11.09.2025<\/td><td>Klassenpflegschaft 1\/2, 19 Uhr<\/td><\/tr><tr><td>15.09.2025<\/td><td>Elternabend Schulanf\u00e4nger 2026\/27<\/td><\/tr><tr><td>16.09.2025<\/td><td>Start JeKits Kunterbund<\/td><\/tr><tr><td>17.09.2025<\/td><td>WAZ-Fotos Schulanf\u00e4nger<\/td><\/tr><tr><td>18.09.2025<\/td><td>Familienfest Wicherhaus (sieh Aushang), 15-18 Uhr<\/td><\/tr><tr><td>22.09.2025<\/td><td>Schulpflegschaft und Schulkonferenz<\/td><\/tr><tr><td>29.09.2025<\/td><td>Rettungsturmbegehung<\/td><\/tr><tr><td>30.09.2025<\/td><td>Diagnostik Schulanf\u00e4nger 2026\/27 &#8211; Teil 1<\/td><\/tr><tr><td>01.10.2025<\/td><td>Diagnostik Schulanf\u00e4nger 2026\/27 &#8211; Teil 2<\/td><\/tr><tr><td>02.10.2025<\/td><td>Diagnostik Schulanf\u00e4nger 2026\/27 &#8211; Teil 3<\/td><\/tr><tr><td>03.10.2025<\/td><td><em>Schulfrei, Tag der Deutschen Einheit (keine OGS)<\/em><\/td><\/tr><tr><td>06.10.2025<\/td><td>R\u00e4um\u00fcbung (Probealarm)<\/td><\/tr><tr><td>09.10.2025<\/td><td>Info-Abend Klassenfahrt 3\/4, 19 Uhr<\/td><\/tr><tr><td>13.10.2025<\/td><td><em>Beginn Herbsterferien<\/em><\/td><\/tr><tr><td>26.10.2025<\/td><td><em>Ende  Herbsterferien<\/em><\/td><\/tr><tr><td>04.-07.11.2025<\/td><td>Fotograf<\/td><\/tr><tr><td>12.11.2025<\/td><td>St. Martin, 17 Uhr <\/td><\/tr><tr><td>19.11.2025<\/td><td>P\u00e4dagogischer Tag (schulfrei, OGS Betreuung)<\/td><\/tr><tr><td>25.11.2025<\/td><td>Vorlesetag (NEU: Verlegung vom 21.11. auf den 25.11.2025)<\/td><\/tr><tr><td>24.-28.11.2025<\/td><td>Bastelwoche<\/td><\/tr><tr><td>29.11.2025<\/td><td>Adventssingen am Stand des Lions Club am Wattenscheider Weihnachtsmarkt, 14 Uhr (wir freuen uns auf Teilnahme!)<\/td><\/tr><tr><td>22.12.2025<\/td><td><em>Beginn Winterferien<\/em><\/td><\/tr><tr><td>06.01.2026<\/td><td><em>Ende  Winterferien<\/em><\/td><\/tr><tr><td>02.-06.02.2026<\/td><td>Klassenfahrt 3\/4 a, b, f<\/td><\/tr><tr><td>06.02.2026<\/td><td>Ausgabe Zeugniskopien Klasse 3-4<\/td><\/tr><tr><td>09.-13.02.2026<\/td><td>Klassenfahrt 3\/4 c, d, e<\/td><\/tr><tr><td>13.02.2026<\/td><td>Karnevalsfeier<\/td><\/tr><tr><td>16.02.2026<\/td><td>Rosenmontag (schulfrei, keine OGS Betreuung)<\/td><\/tr><tr><td>24.02.2026<\/td><td>P\u00e4dagogischer Tag (schulfrei, OGS Betreuung)<\/td><\/tr><tr><td>17.03.2026<\/td><td>P\u00e4dagogischer Tag (schulfrei, OGS Betreuung)<\/td><\/tr><tr><td>18.03.2026<\/td><td>Schauspielhaus Bochum &#8211; Theaterst\u00fcck &#8222;Robin Hood&#8220;<\/td><\/tr><tr><td>30.03.2026<\/td><td><em>Beginn Osterferien<\/em><\/td><\/tr><tr><td>12.04.2026<\/td><td><em>Ende Osterferien<\/em><\/td><\/tr><tr><td>01.05.2026<\/td><td>Tag der Arbeit (schulfrei)<\/td><\/tr><tr><td><s>12.05.2026<\/s><\/td><td><s>Sportfest<\/s> (verschoben auf den 09.06.2026)<\/td><\/tr><tr><td>14.05.2026<\/td><td>Christi Himmelfahrt (schulfrei, keine OGS Betreuung)<\/td><\/tr><tr><td>15.05.2026<\/td><td>Beweglicher Ferientag (schulfrei, OGS Betreuung)<\/td><\/tr><tr><td>19.05.2026<\/td><td>Lehrerausflug, 11:30 Uhr Schulschluss<\/td><\/tr><tr><td>25.05.2026<\/td><td>Pfingstmontag (schulfrei, keine OGS Betreuung)<\/td><\/tr><tr><td>26.05.2026<\/td><td>Pfingstdienstag (schulfrei, keine OGS Betreuung)<\/td><\/tr><tr><td>04.06.2026<\/td><td>Fronleichnam (schulfrei, keine OGS Betreuung)<\/td><\/tr><tr><td>05.06.2026<\/td><td>Beweglicher Ferientag (schulfrei, OGS Betreuung)<\/td><\/tr><tr><td>09.06.2026<\/td><td>Sportfest (NEU!)<\/td><\/tr><tr><td>02.07.2026<\/td><td>Info-Abend Schulanf\u00e4nger 2027\/28, 18 Uhr<\/td><\/tr><tr><td>07.07.2026<\/td><td>Hospitation Schulanf\u00e4nger, 10-11:30 Uhr<\/td><\/tr><tr><td>10.07.2026<\/td><td>Eiswagen, 9 Uhr<\/td><\/tr><tr><td>14.07.2026<\/td><td>Auftritt Tanz-AG<\/td><\/tr><tr><td>15.07.2026<\/td><td>Ausgabe Zeugniskopien Klasse 1-4<\/td><\/tr><tr><td>17.07.2026<\/td><td>Letzter Schultag, 10:45 Uhr Schulschluss<\/td><\/tr><tr><td>20.07.2026<\/td><td><em>Beginn Sommerferien<\/em> <em>(OGS 10-28.08.2026 geschlossen)<\/em><\/td><\/tr><tr><td>01.09.2026<\/td><td><em>Ende Sommerferien<\/em><\/td><\/tr><tr><td>02.09.2026<\/td><td>Erster Schultag Schuljahr 2026\/27<\/td><\/tr><tr><td>03.09.2026<\/td><td>Einschulung Schulanf\u00e4nger 2026\/27<\/td><\/tr><\/tbody><\/table><\/figure>\n<\/div>\n<\/div>\n","protected":false},"excerpt":{"rendered":"<p>Termine 2025\/26 Datum\/Zeit Titel 27.08.2025 Erster Schultag Schuljahr 2025\/26 f\u00fcr Klasse 2-4 28.08.2025 Einschulungsfeier f\u00fcr die Schulanf\u00e4nger 01.09.2025 Start JeKits [&hellip;]<\/p>\n","protected":false},"author":1,"featured_media":0,"parent":0,"menu_order":0,"comment_status":"closed","ping_status":"closed","template":"","meta":{"_uag_custom_page_level_css":"","site-sidebar-layout":"default","site-content-layout":"","ast-site-content-layout":"narrow-width-container","site-content-style":"default","site-sidebar-style":"default","ast-global-header-display":"","ast-banner-title-visibility":"","ast-main-header-display":"","ast-hfb-above-header-display":"","ast-hfb-below-header-display":"","ast-hfb-mobile-header-display":"","site-post-title":"disabled","ast-breadcrumbs-content":"","ast-featured-img":"","footer-sml-layout":"","theme-transparent-header-meta":"","adv-header-id-meta":"","stick-header-meta":"","header-above-stick-meta":"","header-main-stick-meta":"","header-below-stick-meta":"","astra-migrate-meta-layouts":"default","ast-page-background-enabled":"default","ast-page-background-meta":{"desktop":{"background-color":"var(--ast-global-color-4)","background-image":"","background-repeat":"repeat","background-position":"center center","background-size":"auto","background-attachment":"scroll","background-type":"","background-media":"","overlay-type":"","overlay-color":"","overlay-opacity":"","overlay-gradient":""},"tablet":{"background-color":"","background-image":"","background-repeat":"repeat","background-position":"center center","background-size":"auto","background-attachment":"scroll","background-type":"","background-media":"","overlay-type":"","overlay-color":"","overlay-opacity":"","overlay-gradient":""},"mobile":{"background-color":"","background-image":"","background-repeat":"repeat","background-position":"center center","background-size":"auto","background-attachment":"scroll","background-type":"","background-media":"","overlay-type":"","overlay-color":"","overlay-opacity":"","overlay-gradient":""}},"ast-content-background-meta":{"desktop":{"background-color":"var(--ast-global-color-5)","background-image":"","background-repeat":"repeat","background-position":"center center","background-size":"auto","background-attachment":"scroll","background-type":"","background-media":"","overlay-type":"","overlay-color":"","overlay-opacity":"","overlay-gradient":""},"tablet":{"background-color":"var(--ast-global-color-5)","background-image":"","background-repeat":"repeat","background-position":"center center","background-size":"auto","background-attachment":"scroll","background-type":"","background-media":"","overlay-type":"","overlay-color":"","overlay-opacity":"","overlay-gradient":""},"mobile":{"background-color":"var(--ast-global-color-5)","background-image":"","background-repeat":"repeat","background-position":"center center","background-size":"auto","background-attachment":"scroll","background-type":"","background-media":"","overlay-type":"","overlay-color":"","overlay-opacity":"","overlay-gradient":""}},"footnotes":""},"class_list":["post-48","page","type-page","status-publish","hentry"],"uagb_featured_image_src":{"full":false,"thumbnail":false,"medium":false,"medium_large":false,"large":false,"1536x1536":false,"2048x2048":false},"uagb_author_info":{"display_name":"Elmar B\u00fcsing","author_link":"https:\/\/www.ogs-guennigfeld.de\/ogs\/author\/elmarmusterschule\/"},"uagb_comment_info":0,"uagb_excerpt":"Termine 2025\/26 Datum\/Zeit Titel 27.08.2025 Erster Schultag Schuljahr 2025\/26 f\u00fcr Klasse 2-4 28.08.2025 Einschulungsfeier f\u00fcr die Schulanf\u00e4nger 01.09.2025 Start JeKits [&hellip;]","_links":{"self":[{"href":"https:\/\/www.ogs-guennigfeld.de\/ogs\/wp-json\/wp\/v2\/pages\/48","targetHints":{"allow":["GET"]}}],"collection":[{"href":"https:\/\/www.ogs-guennigfeld.de\/ogs\/wp-json\/wp\/v2\/pages"}],"about":[{"href":"https:\/\/www.ogs-guennigfeld.de\/ogs\/wp-json\/wp\/v2\/types\/page"}],"author":[{"embeddable":true,"href":"https:\/\/www.ogs-guennigfeld.de\/ogs\/wp-json\/wp\/v2\/users\/1"}],"replies":[{"embeddable":true,"href":"https:\/\/www.ogs-guennigfeld.de\/ogs\/wp-json\/wp\/v2\/comments?post=48"}],"version-history":[{"count":15,"href":"https:\/\/www.ogs-guennigfeld.de\/ogs\/wp-json\/wp\/v2\/pages\/48\/revisions"}],"predecessor-version":[{"id":1903,"href":"https:\/\/www.ogs-guennigfeld.de\/ogs\/wp-json\/wp\/v2\/pages\/48\/revisions\/1903"}],"wp:attachment":[{"href":"https:\/\/www.ogs-guennigfeld.de\/ogs\/wp-json\/wp\/v2\/media?parent=48"}],"curies":[{"name":"wp","href":"https:\/\/api.w.org\/{rel}","templated":true}]}}