{"id":46,"date":"2024-04-22T12:57:28","date_gmt":"2024-04-22T10:57:28","guid":{"rendered":"https:\/\/www.ogs-guennigfeld.de\/ogs\/?page_id=46"},"modified":"2024-09-11T21:44:26","modified_gmt":"2024-09-11T19:44:26","slug":"eltern","status":"publish","type":"page","link":"https:\/\/www.ogs-guennigfeld.de\/ogs\/eltern\/","title":{"rendered":"Eltern"},"content":{"rendered":"\n<div class=\"wp-block-uagb-container uagb-block-9e62474c default uagb-is-root-container\">\n<div class=\"wp-block-uagb-advanced-heading uagb-block-315546a3\"><h2 class=\"uagb-heading-text\">Eltern an der OGS-G\u00fcnnigfeld<\/h2><\/div>\n\n\n\n<p>An der Grundschule G\u00fcnnigfeld gibt es die verschiedensten M\u00f6glichkeiten sich als Eltern einzubringen.<br>Einige sind in&nbsp;Schul- und Bildungsgesetzen geregelt z.B. das Mitspracherecht der Eltern in der Schule und daher an allen Schulen gleich.<\/p>\n\n\n\n<p>Die Schulverfassung (SchulG \u00a7 62 \u2013 75) sieht verschiedene Mitwirkungsgremien vor:<\/p>\n\n\n\n<p><strong>Die Klassenpflegschaft:<\/strong>\u00a0Alle Eltern einer Klasse bilden die Klassenpflegschaft. Aus ihrer Mitte wird zu Beginn eines jeden Schuljahres der Klassenpflegschaftsvorsitzende und sein Stellvertreter gew\u00e4hlt. Die Sitzungen der Klassenpflegschaft finden in der Regel zwei Mal im Schuljahr statt.<\/p>\n\n\n\n<p><strong>Die Schulpflegschaft:<\/strong>\u00a0Alle Klassenpflegschaftsvorsitzenden einer Schule bilden die Schulpflegschaft. Die Schulpflegschaft vertritt die Interessen der Eltern in der Schule \u00fcber die Klassenebenen hinaus. Nach dem Gesetzestext soll die Schulpflegschaft die Gestaltung der Bildungs- und Erziehungsarbeit in der Schule f\u00f6rdern und die Interessen der Eltern bei der Erziehungs- und Bildungsarbeit vertreten. Auch die Schulpflegschaft tagt in der Regel zwei Mal im Jahr. Die Schulleitung soll an den Sitzungen der Schulpflegschaft teilnehmen.<\/p>\n\n\n\n<p><strong>Die Schulkonferenz:<\/strong>\u00a0Die Zahl der Mitglieder der Schulkonferenz richtet sich nach der Anzahl der Sch\u00fcler. In der Primarstufe setzen sich die Mitglieder zu gleichen Teilen aus Eltern und Lehrern zusammen. Die Mitglieder werden entsprechend ihrer Zugeh\u00f6rigkeit in der Lehrerkonferenz oder der Schulpflegschaft gew\u00e4hlt. Die Schulkonferenz hat eine Vielzahl von Aufgaben, die im Schulmitwirkungsgesetz aufgef\u00fchrt werden. Vorsitzender der Schulkonferenz ist der Schulleiter.\u00a0<\/p>\n\n\n\n<p>Eine aktive Unterst\u00fctzung und Mitarbeit der Eltern ist von besonderer Bedeutung, denn Kinder k\u00f6nnen nur dann erfolgreich lernen, wenn Schule und Elternhaus konstruktiv und vertrauensvoll zusammenarbeiten. Daher werden die Eltern intensiv in die Arbeit der Schule mit einbezogen.<br>Elternsprechtage und besondere Beratungstermine dienen dem Austausch \u00fcber das einzelne Kind, seinen Leistungsstand, sein Arbeits- und Sozialverhalten, seine Lernfortschritte und geplante Ma\u00dfnahmen zur individuellen F\u00f6rderung.<br><br><\/p>\n\n\n\n<div class=\"wp-block-media-text alignfull is-stacked-on-mobile is-vertically-aligned-top\"><figure class=\"wp-block-media-text__media\"><img loading=\"lazy\" decoding=\"async\" width=\"1024\" height=\"663\" src=\"https:\/\/www.ogs-guennigfeld.de\/ogs\/wp-content\/uploads\/2024\/09\/Eltern_neu-1024x663.jpg\" alt=\"\" class=\"wp-image-1399 size-full\" srcset=\"https:\/\/www.ogs-guennigfeld.de\/ogs\/wp-content\/uploads\/2024\/09\/Eltern_neu-1024x663.jpg 1024w, https:\/\/www.ogs-guennigfeld.de\/ogs\/wp-content\/uploads\/2024\/09\/Eltern_neu-300x194.jpg 300w, https:\/\/www.ogs-guennigfeld.de\/ogs\/wp-content\/uploads\/2024\/09\/Eltern_neu-768x497.jpg 768w, https:\/\/www.ogs-guennigfeld.de\/ogs\/wp-content\/uploads\/2024\/09\/Eltern_neu.jpg 1060w\" sizes=\"auto, (max-width: 1024px) 100vw, 1024px\" \/><\/figure><div class=\"wp-block-media-text__content\">\n<p>Dar\u00fcber hinaus unterst\u00fctzen die Eltern der Grundschule G\u00fcnnigfeld in vielen Bereichen des Unterrichts, der Erziehung und im Schulleben. Dies geschieht z.B. bei besonderen Festen (wie St. Martin, die Einschulungsfeier, die Abschlussfeiern, das Schulfest\u2026), bei Projekten und Aktionen (z.B. Basteltage), bei der Durchf\u00fchrung der Radfahrausbildung und des Sportfestes, als Begleitung bei Unterrichtsg\u00e4ngen und Ausfl\u00fcgen, als Partner im Bereich der neuen Medien, als Leseeltern, durch das Engagement im schulischen F\u00f6rderverein und nicht zu vergessen bei unseren regelm\u00e4\u00dfigen Kuchentagen!<\/p>\n<\/div><\/div>\n\n\n\n<p>Wir danken Ihnen sehr f\u00fcr diese Unterst\u00fctzung!<\/p>\n<\/div>\n\n\n\n<p><\/p>\n","protected":false},"excerpt":{"rendered":"<p>Eltern an der OGS-G\u00fcnnigfeld An der Grundschule G\u00fcnnigfeld gibt es die verschiedensten M\u00f6glichkeiten sich als Eltern einzubringen.Einige sind in&nbsp;Schul- und [&hellip;]<\/p>\n","protected":false},"author":1,"featured_media":0,"parent":0,"menu_order":0,"comment_status":"closed","ping_status":"closed","template":"","meta":{"_uag_custom_page_level_css":"","site-sidebar-layout":"default","site-content-layout":"","ast-site-content-layout":"","site-content-style":"default","site-sidebar-style":"default","ast-global-header-display":"","ast-banner-title-visibility":"","ast-main-header-display":"","ast-hfb-above-header-display":"","ast-hfb-below-header-display":"","ast-hfb-mobile-header-display":"","site-post-title":"","ast-breadcrumbs-content":"","ast-featured-img":"","footer-sml-layout":"","theme-transparent-header-meta":"","adv-header-id-meta":"","stick-header-meta":"","header-above-stick-meta":"","header-main-stick-meta":"","header-below-stick-meta":"","astra-migrate-meta-layouts":"default","ast-page-background-enabled":"default","ast-page-background-meta":{"desktop":{"background-color":"var(--ast-global-color-4)","background-image":"","background-repeat":"repeat","background-position":"center center","background-size":"auto","background-attachment":"scroll","background-type":"","background-media":"","overlay-type":"","overlay-color":"","overlay-opacity":"","overlay-gradient":""},"tablet":{"background-color":"","background-image":"","background-repeat":"repeat","background-position":"center center","background-size":"auto","background-attachment":"scroll","background-type":"","background-media":"","overlay-type":"","overlay-color":"","overlay-opacity":"","overlay-gradient":""},"mobile":{"background-color":"","background-image":"","background-repeat":"repeat","background-position":"center center","background-size":"auto","background-attachment":"scroll","background-type":"","background-media":"","overlay-type":"","overlay-color":"","overlay-opacity":"","overlay-gradient":""}},"ast-content-background-meta":{"desktop":{"background-color":"var(--ast-global-color-5)","background-image":"","background-repeat":"repeat","background-position":"center center","background-size":"auto","background-attachment":"scroll","background-type":"","background-media":"","overlay-type":"","overlay-color":"","overlay-opacity":"","overlay-gradient":""},"tablet":{"background-color":"var(--ast-global-color-5)","background-image":"","background-repeat":"repeat","background-position":"center center","background-size":"auto","background-attachment":"scroll","background-type":"","background-media":"","overlay-type":"","overlay-color":"","overlay-opacity":"","overlay-gradient":""},"mobile":{"background-color":"var(--ast-global-color-5)","background-image":"","background-repeat":"repeat","background-position":"center center","background-size":"auto","background-attachment":"scroll","background-type":"","background-media":"","overlay-type":"","overlay-color":"","overlay-opacity":"","overlay-gradient":""}},"footnotes":""},"class_list":["post-46","page","type-page","status-publish","hentry"],"uagb_featured_image_src":{"full":false,"thumbnail":false,"medium":false,"medium_large":false,"large":false,"1536x1536":false,"2048x2048":false},"uagb_author_info":{"display_name":"Elmar B\u00fcsing","author_link":"https:\/\/www.ogs-guennigfeld.de\/ogs\/author\/elmarmusterschule\/"},"uagb_comment_info":0,"uagb_excerpt":"Eltern an der OGS-G\u00fcnnigfeld An der Grundschule G\u00fcnnigfeld gibt es die verschiedensten M\u00f6glichkeiten sich als Eltern einzubringen.Einige sind in&nbsp;Schul- und [&hellip;]","_links":{"self":[{"href":"https:\/\/www.ogs-guennigfeld.de\/ogs\/wp-json\/wp\/v2\/pages\/46","targetHints":{"allow":["GET"]}}],"collection":[{"href":"https:\/\/www.ogs-guennigfeld.de\/ogs\/wp-json\/wp\/v2\/pages"}],"about":[{"href":"https:\/\/www.ogs-guennigfeld.de\/ogs\/wp-json\/wp\/v2\/types\/page"}],"author":[{"embeddable":true,"href":"https:\/\/www.ogs-guennigfeld.de\/ogs\/wp-json\/wp\/v2\/users\/1"}],"replies":[{"embeddable":true,"href":"https:\/\/www.ogs-guennigfeld.de\/ogs\/wp-json\/wp\/v2\/comments?post=46"}],"version-history":[{"count":0,"href":"https:\/\/www.ogs-guennigfeld.de\/ogs\/wp-json\/wp\/v2\/pages\/46\/revisions"}],"wp:attachment":[{"href":"https:\/\/www.ogs-guennigfeld.de\/ogs\/wp-json\/wp\/v2\/media?parent=46"}],"curies":[{"name":"wp","href":"https:\/\/api.w.org\/{rel}","templated":true}]}}