{"id":40,"date":"2024-04-22T12:56:37","date_gmt":"2024-04-22T10:56:37","guid":{"rendered":"https:\/\/www.ogs-guennigfeld.de\/ogs\/?page_id=40"},"modified":"2026-03-30T16:45:50","modified_gmt":"2026-03-30T14:45:50","slug":"kollegium","status":"publish","type":"page","link":"https:\/\/www.ogs-guennigfeld.de\/ogs\/kollegium\/","title":{"rendered":"Kollegium"},"content":{"rendered":"\n<div class=\"wp-block-uagb-container uagb-block-16b066df default uagb-is-root-container\">\n<div class=\"wp-block-group is-content-justification-left is-layout-constrained wp-container-core-group-is-layout-12dd3699 wp-block-group-is-layout-constrained\">\n<div class=\"wp-block-uagb-advanced-heading uagb-block-60cd629f\"><h2 class=\"uagb-heading-text\">Unser Kollegium<\/h2><\/div>\n\n\n\n<p style=\"margin-bottom:0;padding-top:10px;padding-left:0px;line-height:1.5\"><\/p>\n\n\n\n<div class=\"wp-block-uagb-image uagb-block-dd55d2a8 wp-block-uagb-image--layout-default wp-block-uagb-image--effect-static wp-block-uagb-image--align-none\"><figure class=\"wp-block-uagb-image__figure\"><img decoding=\"async\" srcset=\"https:\/\/www.ogs-guennigfeld.de\/ogs\/wp-content\/uploads\/2024\/09\/Kollegium-4-3-1024x992.jpg ,https:\/\/www.ogs-guennigfeld.de\/ogs\/wp-content\/uploads\/2024\/09\/Kollegium-4-3.jpg 780w, https:\/\/www.ogs-guennigfeld.de\/ogs\/wp-content\/uploads\/2024\/09\/Kollegium-4-3.jpg 360w\" sizes=\"auto, (max-width: 480px) 150px\" src=\"https:\/\/www.ogs-guennigfeld.de\/ogs\/wp-content\/uploads\/2024\/09\/Kollegium-4-3-1024x992.jpg\" alt=\"\" class=\"uag-image-1381\" width=\"1024\" height=\"992\" title=\"Kollegium\" loading=\"lazy\" role=\"img\"\/><\/figure><\/div>\n<\/div>\n\n\n\n<h3 class=\"wp-block-heading\">Unsere Schulleitung<\/h3>\n\n\n\n<p class=\"has-small-font-size\">Dresler, Thomas (Schulleiter)<br>van den H\u00f6vel, Britta (stellvertretende Schulleiterin)<br>Hellfajer, Barbara (Mitglied Schulleitungsteam)<\/p>\n\n\n\n<div class=\"wp-block-uagb-advanced-heading uagb-block-3b33fa1b\"><h3 class=\"uagb-heading-text\">Unsere Sekret\u00e4rinnen<\/h3><\/div>\n\n\n\n<p class=\"has-small-font-size\">Kothmayer, Ramona<\/p>\n\n\n\n<div class=\"wp-block-uagb-advanced-heading uagb-block-b68189cc\"><h3 class=\"uagb-heading-text\">Unser Team<\/h3><\/div>\n\n\n\n<p class=\"has-small-font-size\">Alex, Jana (Vertretungslehrerin) j.alex@ogs-guennigfeld.de<br>Breidenstein, Miriam (Fachlehrerin) m.breidenstein@ogs-guennigfeld.de<br>Bolien, Timo (Vertretung Sozialp\u00e4dagoge in der Schuleingangsphase) t.bolien@ogs-guennigfeld.de<br>Bulutoglu, L\u00fctf\u00fc (HSU T\u00fcrkisch)<br>Dresler, Thomas t.dresler@ogs-guennigfeld.de<br>Eisfeld, C\u00e9line (Lehrerin) c.eisfeldt@ogs-guennigfeld.de<br>Eliopoulos, Katharina (Klassenlehrerin 3\/4d, Koalaklasse) k.eliopoulos@ogs-guennigfeld.de<br>Flottmann, Sandra (Fachlehrerin, Vertrauenslehrerin) s.flottmann@ogs-guennigfeld.de<br>Glebe, Jasmin (Klassenlehrerin 3\/4f, Fuchsklasse) j.glebe@ogs-guennigfeld.de<br>Hahn, Birka (Klassenlehrerin 1\/2f, Erdm\u00e4nnchenklasse) b.hahn@ogs-guennigfeld.de<br>Hellfajer, Barbara (Klassenlehrerin 3\/4b, Delfinklasse) b.hellfajer @ogs-guennigfeld.de<br>Hennig, Stephanie (Sozialp\u00e4dagogin in der Schuleingangsphase) s.hennig@ogs-guennigfeld.de<br>Hohberg, Lisa (Referendarin) l.hohberg@ogs-guennigfeld.de<br>Husemeyer, Linda (Lehrerin) l.husemeyer@ogs-guennigfeld.de<br>Kiersch, Franziska (Vertretungslehrerin) f.kiersch@ogs-guennigfeld.de<br>Koppers, Katja (Klassenlehrerin 3\/4c, Giraffenklasse) k.koppers@ogs-guennigfeld.de<br>L\u00fccking, Merle (Heilp\u00e4dagogin und Integrative P\u00e4dagogin) m.luecking@ogs-guennigfeld.de<br>Malzahn, Myriam (Klassenlehrerin 3\/4e, Drachenklasse) m.malzahn@ogs-guennigfeld.de<br>Mertens, Elke (Klassenlehrerin 1\/2b, Rabenklasse) e.mertens@ogs-guennigfeld.de<br>Postler, Kathrin (Klassenlehrerin 1\/2a, Hundeklasse) k.postler@ogs-guennigfeld.de<br>Schulz, Melina (Klassenlehrerin 1\/2g, Geckoklasse) m.schulz@ogs-guennigfeld.d<br>Sch\u00fcrmann, Mirijam (Fachlehrerin) m.schuermann@ogs-guennigfeld.de<br>Strack, Sebastian (Fachlehrer) s.strack@ogs-guennigfeld.de<br>Thiel, Julia (Fachlehrerin) j.thiel@ogs-guennigfeld.de<br>Thiemann, Madita (Klassenlehrerin 1\/2d, Pandaklasse) m.thiemann@ogs-guennigfeld.de<br>van den H\u00f6vel, Britta (Klassenlehrerin 1\/2c, Elefantenklasse)<br>Virzaitis, Bj\u00f6rn (Sozialp\u00e4dagoge) b.virzaitis@ogs-guennigfeld.de<br>Vybiral, Alexandra (Sonderp\u00e4dagogin, Klassenlehrerin 1\/2e, Eulenklasse) a.vybiral@ogs-guennigfeld.de<br>Wahl, Katrin (Klassenlehrerin 3\/4a, Walklasse) k.wahl@ogs-guennigfeld.de<br>Wunsch, Manuela (Sonderp\u00e4dagogin) m.wunsch@ogs-guennigfeld.de<br>Zimmer, Katharina (Fachlehrerin) k.zimmer@ogs-guennigfeld.de<\/p>\n\n\n\n<p class=\"has-small-font-size\"><br><br><\/p>\n\n\n\n<p class=\"has-small-font-size\"><br><\/p>\n<\/div>\n\n\n\n<p><\/p>\n","protected":false},"excerpt":{"rendered":"<p>Unser Kollegium Unsere Schulleitung Dresler, Thomas (Schulleiter)van den H\u00f6vel, Britta (stellvertretende Schulleiterin)Hellfajer, Barbara (Mitglied Schulleitungsteam) Unsere Sekret\u00e4rinnen Kothmayer, Ramona Unser [&hellip;]<\/p>\n","protected":false},"author":1,"featured_media":0,"parent":0,"menu_order":0,"comment_status":"closed","ping_status":"closed","template":"","meta":{"_uag_custom_page_level_css":"","site-sidebar-layout":"default","site-content-layout":"","ast-site-content-layout":"","site-content-style":"default","site-sidebar-style":"default","ast-global-header-display":"","ast-banner-title-visibility":"","ast-main-header-display":"","ast-hfb-above-header-display":"","ast-hfb-below-header-display":"","ast-hfb-mobile-header-display":"","site-post-title":"","ast-breadcrumbs-content":"","ast-featured-img":"","footer-sml-layout":"","theme-transparent-header-meta":"","adv-header-id-meta":"","stick-header-meta":"","header-above-stick-meta":"","header-main-stick-meta":"","header-below-stick-meta":"","astra-migrate-meta-layouts":"default","ast-page-background-enabled":"default","ast-page-background-meta":{"desktop":{"background-color":"var(--ast-global-color-4)","background-image":"","background-repeat":"repeat","background-position":"center center","background-size":"auto","background-attachment":"scroll","background-type":"","background-media":"","overlay-type":"","overlay-color":"","overlay-opacity":"","overlay-gradient":""},"tablet":{"background-color":"","background-image":"","background-repeat":"repeat","background-position":"center center","background-size":"auto","background-attachment":"scroll","background-type":"","background-media":"","overlay-type":"","overlay-color":"","overlay-opacity":"","overlay-gradient":""},"mobile":{"background-color":"","background-image":"","background-repeat":"repeat","background-position":"center center","background-size":"auto","background-attachment":"scroll","background-type":"","background-media":"","overlay-type":"","overlay-color":"","overlay-opacity":"","overlay-gradient":""}},"ast-content-background-meta":{"desktop":{"background-color":"var(--ast-global-color-5)","background-image":"","background-repeat":"repeat","background-position":"center center","background-size":"auto","background-attachment":"scroll","background-type":"","background-media":"","overlay-type":"","overlay-color":"","overlay-opacity":"","overlay-gradient":""},"tablet":{"background-color":"var(--ast-global-color-5)","background-image":"","background-repeat":"repeat","background-position":"center center","background-size":"auto","background-attachment":"scroll","background-type":"","background-media":"","overlay-type":"","overlay-color":"","overlay-opacity":"","overlay-gradient":""},"mobile":{"background-color":"var(--ast-global-color-5)","background-image":"","background-repeat":"repeat","background-position":"center center","background-size":"auto","background-attachment":"scroll","background-type":"","background-media":"","overlay-type":"","overlay-color":"","overlay-opacity":"","overlay-gradient":""}},"footnotes":""},"class_list":["post-40","page","type-page","status-publish","hentry"],"uagb_featured_image_src":{"full":false,"thumbnail":false,"medium":false,"medium_large":false,"large":false,"1536x1536":false,"2048x2048":false},"uagb_author_info":{"display_name":"Elmar B\u00fcsing","author_link":"https:\/\/www.ogs-guennigfeld.de\/ogs\/author\/elmarmusterschule\/"},"uagb_comment_info":0,"uagb_excerpt":"Unser Kollegium Unsere Schulleitung Dresler, Thomas (Schulleiter)van den H\u00f6vel, Britta (stellvertretende Schulleiterin)Hellfajer, Barbara (Mitglied Schulleitungsteam) Unsere Sekret\u00e4rinnen Kothmayer, Ramona Unser [&hellip;]","_links":{"self":[{"href":"https:\/\/www.ogs-guennigfeld.de\/ogs\/wp-json\/wp\/v2\/pages\/40","targetHints":{"allow":["GET"]}}],"collection":[{"href":"https:\/\/www.ogs-guennigfeld.de\/ogs\/wp-json\/wp\/v2\/pages"}],"about":[{"href":"https:\/\/www.ogs-guennigfeld.de\/ogs\/wp-json\/wp\/v2\/types\/page"}],"author":[{"embeddable":true,"href":"https:\/\/www.ogs-guennigfeld.de\/ogs\/wp-json\/wp\/v2\/users\/1"}],"replies":[{"embeddable":true,"href":"https:\/\/www.ogs-guennigfeld.de\/ogs\/wp-json\/wp\/v2\/comments?post=40"}],"version-history":[{"count":12,"href":"https:\/\/www.ogs-guennigfeld.de\/ogs\/wp-json\/wp\/v2\/pages\/40\/revisions"}],"predecessor-version":[{"id":1899,"href":"https:\/\/www.ogs-guennigfeld.de\/ogs\/wp-json\/wp\/v2\/pages\/40\/revisions\/1899"}],"wp:attachment":[{"href":"https:\/\/www.ogs-guennigfeld.de\/ogs\/wp-json\/wp\/v2\/media?parent=40"}],"curies":[{"name":"wp","href":"https:\/\/api.w.org\/{rel}","templated":true}]}}