{"id":34,"date":"2024-04-22T12:55:00","date_gmt":"2024-04-22T10:55:00","guid":{"rendered":"https:\/\/www.ogs-guennigfeld.de\/ogs\/?page_id=34"},"modified":"2025-09-01T18:50:19","modified_gmt":"2025-09-01T16:50:19","slug":"schulleben","status":"publish","type":"page","link":"https:\/\/www.ogs-guennigfeld.de\/ogs\/schulleben\/","title":{"rendered":"Schulleben"},"content":{"rendered":"\n<div class=\"wp-block-uagb-container uagb-block-c72f1ebe default uagb-is-root-container\">\n<div class=\"wp-block-uagb-advanced-heading uagb-block-a89affc6\"><h2 class=\"uagb-heading-text\">Einschulung&nbsp;<\/h2><\/div>\n\n\n\n<p>Der \u00dcbergang von der Kita zur Schule ist ein wichtiger Schritt im Leben eines Kindes. Um diesen m\u00f6glichst reibungslos zu gestalten, bieten wir verschiedene Informationsveranstaltungen und Schnuppertage an:<\/p>\n\n\n\n<div class=\"wp-block-group is-layout-constrained wp-block-group-is-layout-constrained\">\n<h3 class=\"wp-block-heading\"><strong>Informationsabend f\u00fcr Eltern<\/strong><\/h3>\n\n\n\n<p>Vor der Einschulung laden wir alle Eltern zu einem Informationsabend ein, bei dem wir unsere Schule vorstellen und Ihre Fragen beantworten.<\/p>\n<\/div>\n\n\n\n<div class=\"wp-block-group is-layout-constrained wp-block-group-is-layout-constrained\">\n<h3 class=\"wp-block-heading\"><strong>Hospitationstag<\/strong><\/h3>\n\n\n\n<p>Kurz vor Schulbeginn haben die zuk\u00fcnftigen Erstkl\u00e4ssler die M\u00f6glichkeit, an einem Vormittag unsere Schule kennenzulernen und erste Kontakte zu kn\u00fcpfen.<\/p>\n<\/div>\n\n\n\n<div class=\"wp-block-group is-layout-constrained wp-block-group-is-layout-constrained\">\n<h3 class=\"wp-block-heading\"><strong>Anmeldung<\/strong><\/h3>\n\n\n\n<p>Die Anmeldung f\u00fcr die erste Klasse erfolgt in der Regel zu Beginn des vorherigen Schuljahres. N\u00e4here Informationen dazu finden Sie auf unserer Webseite oder erhalten Sie im Schulsekretariat.<\/p>\n<\/div>\n<\/div>\n","protected":false},"excerpt":{"rendered":"<p>Einschulung&nbsp; Der \u00dcbergang von der Kita zur Schule ist ein wichtiger Schritt im Leben eines Kindes. Um diesen m\u00f6glichst reibungslos [&hellip;]<\/p>\n","protected":false},"author":1,"featured_media":0,"parent":0,"menu_order":0,"comment_status":"closed","ping_status":"closed","template":"","meta":{"_uag_custom_page_level_css":"","site-sidebar-layout":"default","site-content-layout":"","ast-site-content-layout":"","site-content-style":"default","site-sidebar-style":"default","ast-global-header-display":"","ast-banner-title-visibility":"","ast-main-header-display":"","ast-hfb-above-header-display":"","ast-hfb-below-header-display":"","ast-hfb-mobile-header-display":"","site-post-title":"","ast-breadcrumbs-content":"","ast-featured-img":"","footer-sml-layout":"","theme-transparent-header-meta":"","adv-header-id-meta":"","stick-header-meta":"","header-above-stick-meta":"","header-main-stick-meta":"","header-below-stick-meta":"","astra-migrate-meta-layouts":"default","ast-page-background-enabled":"default","ast-page-background-meta":{"desktop":{"background-color":"var(--ast-global-color-4)","background-image":"","background-repeat":"repeat","background-position":"center center","background-size":"auto","background-attachment":"scroll","background-type":"","background-media":"","overlay-type":"","overlay-color":"","overlay-opacity":"","overlay-gradient":""},"tablet":{"background-color":"","background-image":"","background-repeat":"repeat","background-position":"center center","background-size":"auto","background-attachment":"scroll","background-type":"","background-media":"","overlay-type":"","overlay-color":"","overlay-opacity":"","overlay-gradient":""},"mobile":{"background-color":"","background-image":"","background-repeat":"repeat","background-position":"center center","background-size":"auto","background-attachment":"scroll","background-type":"","background-media":"","overlay-type":"","overlay-color":"","overlay-opacity":"","overlay-gradient":""}},"ast-content-background-meta":{"desktop":{"background-color":"var(--ast-global-color-5)","background-image":"","background-repeat":"repeat","background-position":"center center","background-size":"auto","background-attachment":"scroll","background-type":"","background-media":"","overlay-type":"","overlay-color":"","overlay-opacity":"","overlay-gradient":""},"tablet":{"background-color":"var(--ast-global-color-5)","background-image":"","background-repeat":"repeat","background-position":"center center","background-size":"auto","background-attachment":"scroll","background-type":"","background-media":"","overlay-type":"","overlay-color":"","overlay-opacity":"","overlay-gradient":""},"mobile":{"background-color":"var(--ast-global-color-5)","background-image":"","background-repeat":"repeat","background-position":"center center","background-size":"auto","background-attachment":"scroll","background-type":"","background-media":"","overlay-type":"","overlay-color":"","overlay-opacity":"","overlay-gradient":""}},"footnotes":""},"class_list":["post-34","page","type-page","status-publish","hentry"],"uagb_featured_image_src":{"full":false,"thumbnail":false,"medium":false,"medium_large":false,"large":false,"1536x1536":false,"2048x2048":false},"uagb_author_info":{"display_name":"Elmar B\u00fcsing","author_link":"https:\/\/www.ogs-guennigfeld.de\/ogs\/author\/elmarmusterschule\/"},"uagb_comment_info":0,"uagb_excerpt":"Einschulung&nbsp; Der \u00dcbergang von der Kita zur Schule ist ein wichtiger Schritt im Leben eines Kindes. Um diesen m\u00f6glichst reibungslos [&hellip;]","_links":{"self":[{"href":"https:\/\/www.ogs-guennigfeld.de\/ogs\/wp-json\/wp\/v2\/pages\/34","targetHints":{"allow":["GET"]}}],"collection":[{"href":"https:\/\/www.ogs-guennigfeld.de\/ogs\/wp-json\/wp\/v2\/pages"}],"about":[{"href":"https:\/\/www.ogs-guennigfeld.de\/ogs\/wp-json\/wp\/v2\/types\/page"}],"author":[{"embeddable":true,"href":"https:\/\/www.ogs-guennigfeld.de\/ogs\/wp-json\/wp\/v2\/users\/1"}],"replies":[{"embeddable":true,"href":"https:\/\/www.ogs-guennigfeld.de\/ogs\/wp-json\/wp\/v2\/comments?post=34"}],"version-history":[{"count":1,"href":"https:\/\/www.ogs-guennigfeld.de\/ogs\/wp-json\/wp\/v2\/pages\/34\/revisions"}],"predecessor-version":[{"id":1734,"href":"https:\/\/www.ogs-guennigfeld.de\/ogs\/wp-json\/wp\/v2\/pages\/34\/revisions\/1734"}],"wp:attachment":[{"href":"https:\/\/www.ogs-guennigfeld.de\/ogs\/wp-json\/wp\/v2\/media?parent=34"}],"curies":[{"name":"wp","href":"https:\/\/api.w.org\/{rel}","templated":true}]}}