{"id":1312,"date":"2024-07-02T20:10:27","date_gmt":"2024-07-02T18:10:27","guid":{"rendered":"https:\/\/www.ogs-guennigfeld.de\/ogs\/?page_id=1312"},"modified":"2024-07-02T20:10:27","modified_gmt":"2024-07-02T18:10:27","slug":"jahrgangsuebergreifendes_lernen","status":"publish","type":"page","link":"https:\/\/www.ogs-guennigfeld.de\/ogs\/jahrgangsuebergreifendes_lernen\/","title":{"rendered":"Jahrgangs\u00fcbergreifendes Lernen"},"content":{"rendered":"\n<div class=\"wp-block-uagb-container uagb-block-16b066df default uagb-is-root-container\">\n<div class=\"wp-block-group is-content-justification-left is-layout-constrained wp-container-core-group-is-layout-12dd3699 wp-block-group-is-layout-constrained\">\n<div class=\"wp-block-uagb-advanced-heading uagb-block-60cd629f\"><h2 class=\"uagb-heading-text\">Was ist J\u00fcL?<\/h2><\/div>\n\n\n\n<p>An unserer Schule unterrichten wir jahrgangs\u00fcbergreifend. Die Kinder des 1. und 2. Jahrgangs und des 3. und 4. Jahrgangs werden in festen Lerngruppen unterrichtet. Auch Kinder mit sonderp\u00e4dagogischem F\u00f6rderbedarf besuchen alle unsere Klassen.<\/p>\n\n\n\n<p>Wir sind \u00fcberzeugt davon, dass der jahrgangs\u00fcbergreifende Unterricht die Qualit\u00e4t des Unterrichts verbessert. Besonders die Selbstst\u00e4ndigkeit und die Sozialkompetenz der Kinder wird durch den gemeinsamen Unterricht gef\u00f6rdert und gest\u00e4rkt. Ebenso ist eine individuelle F\u00f6rderung fester Bestandteil unseres Unterrichts. So k\u00f6nnen die Kinder, abh\u00e4ngig von ihrer schulischen Laufbahn, bis zu drei Jahren in ihrer Lerngruppe verweilen. Die abwechselnden Themenreihen wiederholen sich im 2j\u00e4hrigen Rhythmus. Jedes Kind, das eingeschult wird, bekommt einen individuellen F\u00f6rderplan und damit verbundene F\u00f6rderma\u00dfnahmen. Der F\u00f6rderunterricht ist ein Bestandteil des Stundenplans. Etwa ein Drittel der w\u00f6chentlichen Unterrichtszeit ist in offenen Formen gestaltet: individuelle Wochenpl\u00e4ne oder Werkstattunterricht. In dieser Zeit \u00fcbernehmen die Kinder insbesondere die Verantwortung f\u00fcr ihre Aufgaben, sowie f\u00fcr das Funktionieren der gesamten Lernarbeit der Gruppe. Im Kern- und Fachunterricht werden Themen und Inhalte so aufbereitet, dass alle Kinder einer Lerngruppe ein Problem gemeinsam angehen bzw. eine gleiche Aufgabe auf verschiedenen Lernst\u00e4nden verstehen und l\u00f6sen k\u00f6nnen.<\/p>\n<\/div>\n<\/div>\n","protected":false},"excerpt":{"rendered":"<p>Was ist J\u00fcL? An unserer Schule unterrichten wir jahrgangs\u00fcbergreifend. Die Kinder des 1. und 2. Jahrgangs und des 3. und [&hellip;]<\/p>\n","protected":false},"author":1,"featured_media":0,"parent":0,"menu_order":0,"comment_status":"closed","ping_status":"closed","template":"","meta":{"_uag_custom_page_level_css":"","site-sidebar-layout":"default","site-content-layout":"","ast-site-content-layout":"","site-content-style":"default","site-sidebar-style":"default","ast-global-header-display":"","ast-banner-title-visibility":"","ast-main-header-display":"","ast-hfb-above-header-display":"","ast-hfb-below-header-display":"","ast-hfb-mobile-header-display":"","site-post-title":"disabled","ast-breadcrumbs-content":"","ast-featured-img":"","footer-sml-layout":"","theme-transparent-header-meta":"","adv-header-id-meta":"","stick-header-meta":"","header-above-stick-meta":"","header-main-stick-meta":"","header-below-stick-meta":"","astra-migrate-meta-layouts":"default","ast-page-background-enabled":"default","ast-page-background-meta":{"desktop":{"background-color":"var(--ast-global-color-4)","background-image":"","background-repeat":"repeat","background-position":"center center","background-size":"auto","background-attachment":"scroll","background-type":"","background-media":"","overlay-type":"","overlay-color":"","overlay-opacity":"","overlay-gradient":""},"tablet":{"background-color":"","background-image":"","background-repeat":"repeat","background-position":"center center","background-size":"auto","background-attachment":"scroll","background-type":"","background-media":"","overlay-type":"","overlay-color":"","overlay-opacity":"","overlay-gradient":""},"mobile":{"background-color":"","background-image":"","background-repeat":"repeat","background-position":"center center","background-size":"auto","background-attachment":"scroll","background-type":"","background-media":"","overlay-type":"","overlay-color":"","overlay-opacity":"","overlay-gradient":""}},"ast-content-background-meta":{"desktop":{"background-color":"var(--ast-global-color-5)","background-image":"","background-repeat":"repeat","background-position":"center center","background-size":"auto","background-attachment":"scroll","background-type":"","background-media":"","overlay-type":"","overlay-color":"","overlay-opacity":"","overlay-gradient":""},"tablet":{"background-color":"var(--ast-global-color-5)","background-image":"","background-repeat":"repeat","background-position":"center center","background-size":"auto","background-attachment":"scroll","background-type":"","background-media":"","overlay-type":"","overlay-color":"","overlay-opacity":"","overlay-gradient":""},"mobile":{"background-color":"var(--ast-global-color-5)","background-image":"","background-repeat":"repeat","background-position":"center center","background-size":"auto","background-attachment":"scroll","background-type":"","background-media":"","overlay-type":"","overlay-color":"","overlay-opacity":"","overlay-gradient":""}},"footnotes":""},"class_list":["post-1312","page","type-page","status-publish","hentry"],"uagb_featured_image_src":{"full":false,"thumbnail":false,"medium":false,"medium_large":false,"large":false,"1536x1536":false,"2048x2048":false},"uagb_author_info":{"display_name":"Elmar B\u00fcsing","author_link":"https:\/\/www.ogs-guennigfeld.de\/ogs\/author\/elmarmusterschule\/"},"uagb_comment_info":0,"uagb_excerpt":"Was ist J\u00fcL? An unserer Schule unterrichten wir jahrgangs\u00fcbergreifend. Die Kinder des 1. und 2. Jahrgangs und des 3. und [&hellip;]","_links":{"self":[{"href":"https:\/\/www.ogs-guennigfeld.de\/ogs\/wp-json\/wp\/v2\/pages\/1312","targetHints":{"allow":["GET"]}}],"collection":[{"href":"https:\/\/www.ogs-guennigfeld.de\/ogs\/wp-json\/wp\/v2\/pages"}],"about":[{"href":"https:\/\/www.ogs-guennigfeld.de\/ogs\/wp-json\/wp\/v2\/types\/page"}],"author":[{"embeddable":true,"href":"https:\/\/www.ogs-guennigfeld.de\/ogs\/wp-json\/wp\/v2\/users\/1"}],"replies":[{"embeddable":true,"href":"https:\/\/www.ogs-guennigfeld.de\/ogs\/wp-json\/wp\/v2\/comments?post=1312"}],"version-history":[{"count":0,"href":"https:\/\/www.ogs-guennigfeld.de\/ogs\/wp-json\/wp\/v2\/pages\/1312\/revisions"}],"wp:attachment":[{"href":"https:\/\/www.ogs-guennigfeld.de\/ogs\/wp-json\/wp\/v2\/media?parent=1312"}],"curies":[{"name":"wp","href":"https:\/\/api.w.org\/{rel}","templated":true}]}}