{"id":1305,"date":"2024-07-02T18:59:07","date_gmt":"2024-07-02T16:59:07","guid":{"rendered":"https:\/\/www.ogs-guennigfeld.de\/ogs\/?page_id=1305"},"modified":"2024-07-02T18:59:07","modified_gmt":"2024-07-02T16:59:07","slug":"leitbild","status":"publish","type":"page","link":"https:\/\/www.ogs-guennigfeld.de\/ogs\/leitbild\/","title":{"rendered":"Leitbild"},"content":{"rendered":"\n<div class=\"wp-block-uagb-container uagb-block-16b066df default uagb-is-root-container\">\n<div class=\"wp-block-group is-content-justification-left is-layout-constrained wp-container-core-group-is-layout-12dd3699 wp-block-group-is-layout-constrained\">\n<div class=\"wp-block-uagb-advanced-heading uagb-block-60cd629f\"><h2 class=\"uagb-heading-text\">Unser Leitbild<\/h2><\/div>\n\n\n\n<p>Wir, an der OGS G\u00fcnnigfeld m\u00f6chten, m\u00f6glichst alle Kinder des Stadtteils, mit ihren verschiedenen F\u00e4higkeiten und Fertigkeiten &#8211; St\u00e4rken und Schw\u00e4chen &#8211; aufnehmen und annehmen. Wir m\u00f6chten jedes Kind in seiner Grundschulzeit individuell begleiten und gem\u00e4\u00df seinen M\u00f6glichkeiten fordern und f\u00f6rdern. Diesen Leitgedanken \u00fcbertragen wir in die Arbeit der OGS im Rahmen unserer M\u00f6glichkeiten.<\/p>\n\n\n\n<p>Wir m\u00f6chten, erg\u00e4nzend zur elterlichen Erziehungs \u2013 und Bildungsarbeit, ein verl\u00e4ssliches und nachhaltiges Bildungs- und Betreuungsangebot gew\u00e4hrleisten. Wenn Eltern und Erziehungsberechtigte Unterst\u00fctzung ben\u00f6tigen, sind alle Mitarbeiter des Ganztages und der Grundschule ihre Ansprechpartner.&nbsp;Der Bildungsvermittlung durch Erleben und Selbstentfaltung kommt im Rahmen unserer Arbeit eine besondere Bedeutung zu. Das Zusammensein in altersgemischten Gruppen stellt das soziale Lernen in den Vordergrund. Gegenseitige R\u00fccksichtnahme und ein gewaltfreier Umgang miteinander werden so einge\u00fcbt und bilden die Grundlage f\u00fcr eine f\u00f6rderliche, konstruktive und angenehme Lernatmosph\u00e4re.<\/p>\n<\/div>\n<\/div>\n","protected":false},"excerpt":{"rendered":"<p>Unser Leitbild Wir, an der OGS G\u00fcnnigfeld m\u00f6chten, m\u00f6glichst alle Kinder des Stadtteils, mit ihren verschiedenen F\u00e4higkeiten und Fertigkeiten &#8211; [&hellip;]<\/p>\n","protected":false},"author":1,"featured_media":0,"parent":0,"menu_order":0,"comment_status":"closed","ping_status":"closed","template":"","meta":{"_uag_custom_page_level_css":"","site-sidebar-layout":"default","site-content-layout":"","ast-site-content-layout":"","site-content-style":"default","site-sidebar-style":"default","ast-global-header-display":"","ast-banner-title-visibility":"","ast-main-header-display":"","ast-hfb-above-header-display":"","ast-hfb-below-header-display":"","ast-hfb-mobile-header-display":"","site-post-title":"disabled","ast-breadcrumbs-content":"","ast-featured-img":"","footer-sml-layout":"","theme-transparent-header-meta":"","adv-header-id-meta":"","stick-header-meta":"","header-above-stick-meta":"","header-main-stick-meta":"","header-below-stick-meta":"","astra-migrate-meta-layouts":"default","ast-page-background-enabled":"default","ast-page-background-meta":{"desktop":{"background-color":"var(--ast-global-color-4)","background-image":"","background-repeat":"repeat","background-position":"center center","background-size":"auto","background-attachment":"scroll","background-type":"","background-media":"","overlay-type":"","overlay-color":"","overlay-opacity":"","overlay-gradient":""},"tablet":{"background-color":"","background-image":"","background-repeat":"repeat","background-position":"center center","background-size":"auto","background-attachment":"scroll","background-type":"","background-media":"","overlay-type":"","overlay-color":"","overlay-opacity":"","overlay-gradient":""},"mobile":{"background-color":"","background-image":"","background-repeat":"repeat","background-position":"center center","background-size":"auto","background-attachment":"scroll","background-type":"","background-media":"","overlay-type":"","overlay-color":"","overlay-opacity":"","overlay-gradient":""}},"ast-content-background-meta":{"desktop":{"background-color":"var(--ast-global-color-5)","background-image":"","background-repeat":"repeat","background-position":"center center","background-size":"auto","background-attachment":"scroll","background-type":"","background-media":"","overlay-type":"","overlay-color":"","overlay-opacity":"","overlay-gradient":""},"tablet":{"background-color":"var(--ast-global-color-5)","background-image":"","background-repeat":"repeat","background-position":"center center","background-size":"auto","background-attachment":"scroll","background-type":"","background-media":"","overlay-type":"","overlay-color":"","overlay-opacity":"","overlay-gradient":""},"mobile":{"background-color":"var(--ast-global-color-5)","background-image":"","background-repeat":"repeat","background-position":"center center","background-size":"auto","background-attachment":"scroll","background-type":"","background-media":"","overlay-type":"","overlay-color":"","overlay-opacity":"","overlay-gradient":""}},"footnotes":""},"class_list":["post-1305","page","type-page","status-publish","hentry"],"uagb_featured_image_src":{"full":false,"thumbnail":false,"medium":false,"medium_large":false,"large":false,"1536x1536":false,"2048x2048":false},"uagb_author_info":{"display_name":"Elmar B\u00fcsing","author_link":"https:\/\/www.ogs-guennigfeld.de\/ogs\/author\/elmarmusterschule\/"},"uagb_comment_info":0,"uagb_excerpt":"Unser Leitbild Wir, an der OGS G\u00fcnnigfeld m\u00f6chten, m\u00f6glichst alle Kinder des Stadtteils, mit ihren verschiedenen F\u00e4higkeiten und Fertigkeiten &#8211; [&hellip;]","_links":{"self":[{"href":"https:\/\/www.ogs-guennigfeld.de\/ogs\/wp-json\/wp\/v2\/pages\/1305","targetHints":{"allow":["GET"]}}],"collection":[{"href":"https:\/\/www.ogs-guennigfeld.de\/ogs\/wp-json\/wp\/v2\/pages"}],"about":[{"href":"https:\/\/www.ogs-guennigfeld.de\/ogs\/wp-json\/wp\/v2\/types\/page"}],"author":[{"embeddable":true,"href":"https:\/\/www.ogs-guennigfeld.de\/ogs\/wp-json\/wp\/v2\/users\/1"}],"replies":[{"embeddable":true,"href":"https:\/\/www.ogs-guennigfeld.de\/ogs\/wp-json\/wp\/v2\/comments?post=1305"}],"version-history":[{"count":0,"href":"https:\/\/www.ogs-guennigfeld.de\/ogs\/wp-json\/wp\/v2\/pages\/1305\/revisions"}],"wp:attachment":[{"href":"https:\/\/www.ogs-guennigfeld.de\/ogs\/wp-json\/wp\/v2\/media?parent=1305"}],"curies":[{"name":"wp","href":"https:\/\/api.w.org\/{rel}","templated":true}]}}